{"id":317,"date":"2023-11-23T14:16:15","date_gmt":"2023-11-23T13:16:15","guid":{"rendered":"https:\/\/lionsclub-sannoisherblaylafrette.fr\/?page_id=317"},"modified":"2024-01-29T16:28:50","modified_gmt":"2024-01-29T15:28:50","slug":"nos-actions","status":"publish","type":"page","link":"https:\/\/lionsclub-sannoisherblaylafrette.fr\/?page_id=317","title":{"rendered":"TOUTES NOS ACTIONS"},"content":{"rendered":"\n<hr class=\"wp-block-separator has-text-color has-primary-color has-alpha-channel-opacity has-primary-background-color has-background\"\/>\n\n\n<ul style=\"font-size:22px;\" class=\"wp-block-latest-posts__list has-dates has-link-color alignwide wp-elements-f1aaa4f8e5fbd347f87ac98d9c10e3ba wp-block-latest-posts has-text-color has-subtle-background-color has-background has-primary-background-color\"><li><a class=\"wp-block-latest-posts__post-title\" href=\"https:\/\/lionsclub-sannoisherblaylafrette.fr\/?p=839\">Soir\u00e9e \u00ab\u00a0Partenaire\u00a0\u00bb du Lions Club<\/a><time datetime=\"2025-11-28T14:58:04+01:00\" class=\"wp-block-latest-posts__post-date\">28 novembre 2025<\/time><div class=\"wp-block-latest-posts__post-excerpt\">Le 20\/11\/2025 notre soir\u00e9e Partenaire \u00e0 mise \u00e0 l&rsquo;honneur nos Partenaires dans une ambiance festive.\u00a0 La r\u00e9ussite de nos actions d\u00e9pend beaucoup de leur engagement.\u00a0Nommons les :\u00a0 A tous, un immense MERCI pour leur contributions respectives nous permettant d&rsquo;AGIR pour nos Causes. Le pr\u00e9sident.<\/div><\/li>\n<li><a class=\"wp-block-latest-posts__post-title\" href=\"https:\/\/lionsclub-sannoisherblaylafrette.fr\/?p=837\">Journ\u00e9e des associations 2025<\/a><time datetime=\"2025-09-15T09:27:09+02:00\" class=\"wp-block-latest-posts__post-date\">15 septembre 2025<\/time><div class=\"wp-block-latest-posts__post-excerpt\">Nous \u00e9tions pr\u00e9sents \u00e0 la journ\u00e9e des associations des ville de Sannois, La Frette-sur-Seine et d&rsquo;Herblay-sur-Seine les 5&amp;6 Septembre. L&rsquo;occasion de rencontrer le public mais aussi nos partenaires (le Cr\u00e9dit Mutuel de Sannois, l&rsquo;entreprise FDGT Am\u00e9nagement) et de recevoir la visite d&rsquo;autres Lions comme les Lions\u2026 <a class=\"wp-block-latest-posts__read-more\" href=\"https:\/\/lionsclub-sannoisherblaylafrette.fr\/?p=837\" rel=\"noopener noreferrer\">Lire la suite<span class=\"screen-reader-text\">\u00a0: Journ\u00e9e des associations 2025<\/span><\/a><\/div><\/li>\n<li><a class=\"wp-block-latest-posts__post-title\" href=\"https:\/\/lionsclub-sannoisherblaylafrette.fr\/?p=829\">Op\u00e9ration Octobre Rose 2025<\/a><time datetime=\"2025-09-15T09:18:19+02:00\" class=\"wp-block-latest-posts__post-date\">15 septembre 2025<\/time><div class=\"wp-block-latest-posts__post-excerpt\">L\u2019op\u00e9ration \u00ab Mon Octobre rose \u00bb 2025 est lanc\u00e9e ! Nous vendons du caf\u00e9 en grain (12\u20ac les 500g) ou en capsules (10\u20ac les 20 capsules) au profit de la lutte contre le cancer du sein. Contactez-nous d\u00e8s \u00e0 pr\u00e9sent !!! Merci \u00e0 notre ami Olivier\u2026 <a class=\"wp-block-latest-posts__read-more\" href=\"https:\/\/lionsclub-sannoisherblaylafrette.fr\/?p=829\" rel=\"noopener noreferrer\">Lire la suite<span class=\"screen-reader-text\">\u00a0: Op\u00e9ration Octobre Rose 2025<\/span><\/a><\/div><\/li>\n<li><a class=\"wp-block-latest-posts__post-title\" href=\"https:\/\/lionsclub-sannoisherblaylafrette.fr\/?p=819\">Tournoi de golf caritatif<\/a><time datetime=\"2025-09-03T09:26:31+02:00\" class=\"wp-block-latest-posts__post-date\">3 septembre 2025<\/time><div class=\"wp-block-latest-posts__post-excerpt\">Le 21 septembre prochain, le Lions Club Sannois \u2013 Herblay &#8211; La Frette -Rive de Seine, associ\u00e9 avec le Golf Club d&rsquo;Ableiges dans le Val d&rsquo;Oise, organise un tournoi au profit de\u00a0T\u2019HandiQuoi. Il sera sponsoris\u00e9 par FDGT Am\u00e9nagement (coordination de l\u2019ensemble des corps de m\u00e9tiers pour\u2026 <a class=\"wp-block-latest-posts__read-more\" href=\"https:\/\/lionsclub-sannoisherblaylafrette.fr\/?p=819\" rel=\"noopener noreferrer\">Lire la suite<span class=\"screen-reader-text\">\u00a0: Tournoi de golf caritatif<\/span><\/a><\/div><\/li>\n<li><a class=\"wp-block-latest-posts__post-title\" href=\"https:\/\/lionsclub-sannoisherblaylafrette.fr\/?p=790\">UNE MAGNIFIQUE JOURNEE DECOUVERTE OFFERTE AUX ENFANTS EN DIFFICULTE<\/a><time datetime=\"2025-07-02T11:39:46+02:00\" class=\"wp-block-latest-posts__post-date\">2 juillet 2025<\/time><div class=\"wp-block-latest-posts__post-excerpt\">Comme chaque ann\u00e9e depuis 2010, le Lions Club \u00ab&nbsp;Sannois, Herblay sur Seine, La Frette sur Seine, Rive de Seine&nbsp;\u00bb a organis\u00e9 dimanche 29 juin 2025 une journ\u00e9e de r\u00eave et de bonheur pour les enfants du Val d\u2019Oise, malades ou en difficult\u00e9 et leur famille ainsi\u2026 <a class=\"wp-block-latest-posts__read-more\" href=\"https:\/\/lionsclub-sannoisherblaylafrette.fr\/?p=790\" rel=\"noopener noreferrer\">Lire la suite<span class=\"screen-reader-text\">\u00a0: UNE MAGNIFIQUE JOURNEE DECOUVERTE OFFERTE AUX ENFANTS EN DIFFICULTE<\/span><\/a><\/div><\/li>\n<li><a class=\"wp-block-latest-posts__post-title\" href=\"https:\/\/lionsclub-sannoisherblaylafrette.fr\/?p=786\">Passation de pouvoir et intronisation<\/a><time datetime=\"2025-06-30T18:13:19+02:00\" class=\"wp-block-latest-posts__post-date\">30 juin 2025<\/time><div class=\"wp-block-latest-posts__post-excerpt\">Ce jeudi 19 juin, nous nous sommes r\u00e9unis pour faire la passation de pouvoir entre l\u2019ancien bureau et le nouveau bureau. Notre pr\u00e9sident Yves Delaporte a c\u00e9d\u00e9 la place \u00e0 notre nouveau pr\u00e9sident Laurent Prigent. Le nouveau a \u00e9t\u00e9 pr\u00e9sent\u00e9 \u00e0 l\u2019ensemble des membres du Lions\u2026 <a class=\"wp-block-latest-posts__read-more\" href=\"https:\/\/lionsclub-sannoisherblaylafrette.fr\/?p=786\" rel=\"noopener noreferrer\">Lire la suite<span class=\"screen-reader-text\">\u00a0: Passation de pouvoir et intronisation<\/span><\/a><\/div><\/li>\n<li><a class=\"wp-block-latest-posts__post-title\" href=\"https:\/\/lionsclub-sannoisherblaylafrette.fr\/?p=782\">Soir\u00e9e solidarit\u00e9<\/a><time datetime=\"2025-05-26T16:16:39+02:00\" class=\"wp-block-latest-posts__post-date\">26 mai 2025<\/time><div class=\"wp-block-latest-posts__post-excerpt\">Nous avons eu le plaisir d\u2019accueillir au sein du Restaurant \u00ab\u00a0Les Lions du Val\u00a0\u00bb l\u2019association Ubaka Ile de France et CrossRoads 95 Evenements en l\u2019honneur de Yolis Guerra Ubaka,pr\u00e9sidente Worldwide d\u2019Ubaka. Yolis nous a pr\u00e9sent\u00e9 ses actions qu\u2019elle m\u00e8ne depuis 11 ans au Mexique \u2026 les\u2026 <a class=\"wp-block-latest-posts__read-more\" href=\"https:\/\/lionsclub-sannoisherblaylafrette.fr\/?p=782\" rel=\"noopener noreferrer\">Lire la suite<span class=\"screen-reader-text\">\u00a0: Soir\u00e9e solidarit\u00e9<\/span><\/a><\/div><\/li>\n<li><a class=\"wp-block-latest-posts__post-title\" href=\"https:\/\/lionsclub-sannoisherblaylafrette.fr\/?p=761\">Vide-greniers caritatif Sannois 2025<\/a><time datetime=\"2025-05-19T20:19:58+02:00\" class=\"wp-block-latest-posts__post-date\">19 mai 2025<\/time><div class=\"wp-block-latest-posts__post-excerpt\">Ce dimanche 18 mai s&rsquo;est d\u00e9roul\u00e9 notre troisi\u00e8me \u00e9dition du Vide-Greniers \u00e0 Sannois et ce fut un superbe succ\u00e8s : 270 exposants pour 556 stands et nous avons battu notre record d&rsquo;affluence : plus de 17 500 visiteurs !!! Nous tenons \u00e0 remercie tous ceux qui\u2026 <a class=\"wp-block-latest-posts__read-more\" href=\"https:\/\/lionsclub-sannoisherblaylafrette.fr\/?p=761\" rel=\"noopener noreferrer\">Lire la suite<span class=\"screen-reader-text\">\u00a0: Vide-greniers caritatif Sannois 2025<\/span><\/a><\/div><\/li>\n<li><a class=\"wp-block-latest-posts__post-title\" href=\"https:\/\/lionsclub-sannoisherblaylafrette.fr\/?p=706\">Op\u00e9ration tulipes 2025<\/a><time datetime=\"2025-03-15T14:15:15+01:00\" class=\"wp-block-latest-posts__post-date\">15 mars 2025<\/time><div class=\"wp-block-latest-posts__post-excerpt\">Nous venons de terminer notre op\u00e9ration caritative de vente de tulipes qui s\u2019est d\u00e9roul\u00e9e le 8 et 9 mars au profit de ses \u0153uvres sociales contre le cancer infantile (Enfants Cancers Sant\u00e9) , les autistes (APTE), la c\u00e9cit\u00e9 infantile (LIBD). Nous avons vendu 11000 tulipes en\u2026 <a class=\"wp-block-latest-posts__read-more\" href=\"https:\/\/lionsclub-sannoisherblaylafrette.fr\/?p=706\" rel=\"noopener noreferrer\">Lire la suite<span class=\"screen-reader-text\">\u00a0: Op\u00e9ration tulipes 2025<\/span><\/a><\/div><\/li>\n<li><a class=\"wp-block-latest-posts__post-title\" href=\"https:\/\/lionsclub-sannoisherblaylafrette.fr\/?p=621\">C\u00e9r\u00e9monie de v\u0153ux 2025 de la maire de Sannois<\/a><time datetime=\"2025-01-10T10:09:10+01:00\" class=\"wp-block-latest-posts__post-date\">10 janvier 2025<\/time><div class=\"wp-block-latest-posts__post-excerpt\">Le Lions club a \u00e9t\u00e9 pr\u00e9sent \u00e0 la c\u00e9r\u00e9monie de v\u0153ux de de la mairie de Sannois le 08 Janvier qui s&rsquo;est tenu au centre Cyrano de Bergerac. Nous remercions M. Bernard Jamet, maire de la Ville de Sannois, pour son invitation \u00e0 la c\u00e9r\u00e9monie de\u2026 <a class=\"wp-block-latest-posts__read-more\" href=\"https:\/\/lionsclub-sannoisherblaylafrette.fr\/?p=621\" rel=\"noopener noreferrer\">Lire la suite<span class=\"screen-reader-text\">\u00a0: C\u00e9r\u00e9monie de v\u0153ux 2025 de la maire de Sannois<\/span><\/a><\/div><\/li>\n<li><a class=\"wp-block-latest-posts__post-title\" href=\"https:\/\/lionsclub-sannoisherblaylafrette.fr\/?p=618\">Bonne ann\u00e9e 2025 !!<\/a><time datetime=\"2025-01-08T11:19:34+01:00\" class=\"wp-block-latest-posts__post-date\">8 janvier 2025<\/time><div class=\"wp-block-latest-posts__post-excerpt\"><\/div><\/li>\n<\/ul>\n\n\n<hr class=\"wp-block-separator has-text-color has-secondary-color has-alpha-channel-opacity has-secondary-background-color has-background\"\/>\n","protected":false},"excerpt":{"rendered":"","protected":false},"author":2,"featured_media":0,"parent":0,"menu_order":0,"comment_status":"closed","ping_status":"closed","template":"","meta":{"_bbp_topic_count":0,"_bbp_reply_count":0,"_bbp_total_topic_count":0,"_bbp_total_reply_count":0,"_bbp_voice_count":0,"_bbp_anonymous_reply_count":0,"_bbp_topic_count_hidden":0,"_bbp_reply_count_hidden":0,"_bbp_forum_subforum_count":0,"footnotes":""},"class_list":["post-317","page","type-page","status-publish","hentry"],"_links":{"self":[{"href":"https:\/\/lionsclub-sannoisherblaylafrette.fr\/index.php?rest_route=\/wp\/v2\/pages\/317","targetHints":{"allow":["GET"]}}],"collection":[{"href":"https:\/\/lionsclub-sannoisherblaylafrette.fr\/index.php?rest_route=\/wp\/v2\/pages"}],"about":[{"href":"https:\/\/lionsclub-sannoisherblaylafrette.fr\/index.php?rest_route=\/wp\/v2\/types\/page"}],"author":[{"embeddable":true,"href":"https:\/\/lionsclub-sannoisherblaylafrette.fr\/index.php?rest_route=\/wp\/v2\/users\/2"}],"replies":[{"embeddable":true,"href":"https:\/\/lionsclub-sannoisherblaylafrette.fr\/index.php?rest_route=%2Fwp%2Fv2%2Fcomments&post=317"}],"version-history":[{"count":5,"href":"https:\/\/lionsclub-sannoisherblaylafrette.fr\/index.php?rest_route=\/wp\/v2\/pages\/317\/revisions"}],"predecessor-version":[{"id":370,"href":"https:\/\/lionsclub-sannoisherblaylafrette.fr\/index.php?rest_route=\/wp\/v2\/pages\/317\/revisions\/370"}],"wp:attachment":[{"href":"https:\/\/lionsclub-sannoisherblaylafrette.fr\/index.php?rest_route=%2Fwp%2Fv2%2Fmedia&parent=317"}],"curies":[{"name":"wp","href":"https:\/\/api.w.org\/{rel}","templated":true}]}}