{"id":16,"date":"2023-03-20T11:10:33","date_gmt":"2023-03-20T10:10:33","guid":{"rendered":"http:\/\/lionsclub-sannoisherblaylafrette.fr\/?page_id=16"},"modified":"2026-04-20T20:12:42","modified_gmt":"2026-04-20T18:12:42","slug":"inscription-au-vide-grenier-du-1-octobre-2023","status":"publish","type":"page","link":"https:\/\/lionsclub-sannoisherblaylafrette.fr\/?page_id=16","title":{"rendered":"Inscription au Vide-Grenier 2026 de Sannois"},"content":{"rendered":"\n<p class=\"has-larger-font-size\"><strong>=&gt; L\u2019inscription en ligne sera ouverte du 12 avril au 15 mai 2026<\/strong><\/p>\n\n\n\n<hr class=\"wp-block-separator has-alpha-channel-opacity\"\/>\n\n\n\n<p class=\"has-text-align-center\">Le Vide-Grenier aura lieu&nbsp;le dimanche 7 juin 2026, boulevard Gambetta (du n\u00b05 au 101), et rue des Conches \/ Bas des Conches \u00e0 Sannois.<\/p>\n\n\n\n<p class=\"has-text-align-center\">Il est organis\u00e9 par le Lions Club Sannois, Herblay sur Seine, La Frette sur Seine, Rive de Seine, en partenariat avec la Ville de Sannois.<\/p>\n\n\n\n<p class=\"has-text-align-center\">Cet \u00e9v\u00e8nement est organis\u00e9 au profit exclusif des \u0153uvres caritatives locales du Lions Club Sannois, Herblay sur Seine, La Frette sur Seine, Rive de Seine, en faveur des enfants ou personnes malvoyants ou autistes, ou souffrant de cancer ou de maladies rares, ou ayant besoin d\u2019un appui pour r\u00e9insertion sociale.<\/p>\n\n\n\n<p class=\"has-text-align-center\">Les exposants seront install\u00e9s dans un espace balis\u00e9. L\u2019installation s\u2019effectuera entre <strong>5h et 8h30<\/strong> selon les tranches horaires qui seront transmises aux exposants par les organisateurs une semaine avant le 7 juin.<\/p>\n\n\n\n<p class=\"has-text-align-center\">Les visiteurs seront accueillis de&nbsp;<strong>9 h \u00e0 18 h<\/strong>. L&rsquo;entr\u00e9e est gratuite. Buvette, animations et petite restauration seront propos\u00e9es sur place.<\/p>\n\n\n\n<p class=\"has-text-align-center\">L\u2019inscription s\u2019effectue de pr\u00e9f\u00e9rence en ligne, sur ce site.<\/p>\n\n\n\n<p><\/p>\n\n\n\n<hr class=\"wp-block-separator has-alpha-channel-opacity\"\/>\n\n\n\n<p><\/p>\n\n\n\n<p>Apr\u00e8s avoir lu le pr\u00e9sent<a href=\"https:\/\/lionsclub-sannoisherblaylafrette.fr\/?page_id=14\"> r\u00e8glement du Vide-Grenier<\/a> , l\u2019exposant rempli son bulletin d\u2019inscription en ligne ou sur papier, en r\u00e9pondant \u00e0 toutes les demandes d\u2019informations requises et d\u00e9clare sur l\u2019honneur accepter sans r\u00e9serve le r\u00e8glement du Vide-Grenier.<\/p>\n\n\n\n<hr class=\"wp-block-separator has-alpha-channel-opacity\"\/>\n\n\n\n<div class=\"wp-block-buttons is-content-justification-center is-nowrap is-layout-flex wp-container-core-buttons-is-layout-94bc23d7 wp-block-buttons-is-layout-flex\">\n<div class=\"wp-block-button\"><a class=\"wp-block-button__link has-subtle-background-color has-primary-background-color has-text-color has-background wp-element-button\" href=\"https:\/\/lionsclub-sannoisherblaylafrette.fr\/?page_id=14\" style=\"border-radius:94px\">REGLEMENT DU VIDE-GRENIER &#8211; IMPORTANT &#8211;<\/a><\/div>\n<\/div>\n\n\n\n<div class=\"wp-block-buttons is-content-justification-center is-nowrap is-layout-flex wp-container-core-buttons-is-layout-1fb9aab6 wp-block-buttons-is-layout-flex\" style=\"font-style:normal;font-weight:400\">\n<div class=\"wp-block-button is-style-fill\"><a class=\"wp-block-button__link has-primary-background-color has-background wp-element-button\" href=\"https:\/\/www.payasso.fr\/lions-club-sannois-herblay-la-frette\/inscriptions\" style=\"border-radius:38px\" target=\"_blank\" rel=\"noreferrer noopener\">Inscription et rEglement par Carte BANCAIRE <\/a><\/div>\n<\/div>\n\n\n\n<div class=\"wp-block-buttons is-content-justification-center is-layout-flex wp-container-core-buttons-is-layout-16018d1d wp-block-buttons-is-layout-flex\">\n<div class=\"wp-block-button is-style-fill\"><a class=\"wp-block-button__link has-primary-background-color has-background wp-element-button\" href=\"https:\/\/lionsclub-sannoisherblaylafrette.fr\/?page_id=29\" style=\"border-radius:100px\" target=\"_blank\" rel=\"noreferrer noopener\">INSCRIPTION ET REGLEMENT PAR VIREMENT OU CHEQUE<\/a><\/div>\n<\/div>\n\n\n\n<hr class=\"wp-block-separator has-alpha-channel-opacity\"\/>\n\n\n\n<p><\/p>\n","protected":false},"excerpt":{"rendered":"<p>=&gt; L\u2019inscription en ligne sera ouverte du 12 avril au 15 mai 2026 Le Vide-Grenier aura lieu&nbsp;le dimanche 7 juin 2026, boulevard Gambetta (du n\u00b05 au 101), et rue des Conches \/ Bas des Conches \u00e0 Sannois. Il est organis\u00e9 par le Lions Club Sannois, Herblay sur Seine, La Frette sur Seine, Rive de Seine, [&hellip;]<\/p>\n","protected":false},"author":2,"featured_media":875,"parent":0,"menu_order":0,"comment_status":"closed","ping_status":"closed","template":"","meta":{"_bbp_topic_count":0,"_bbp_reply_count":0,"_bbp_total_topic_count":0,"_bbp_total_reply_count":0,"_bbp_voice_count":0,"_bbp_anonymous_reply_count":0,"_bbp_topic_count_hidden":0,"_bbp_reply_count_hidden":0,"_bbp_forum_subforum_count":0,"footnotes":""},"class_list":["post-16","page","type-page","status-publish","has-post-thumbnail","hentry"],"_links":{"self":[{"href":"https:\/\/lionsclub-sannoisherblaylafrette.fr\/index.php?rest_route=\/wp\/v2\/pages\/16","targetHints":{"allow":["GET"]}}],"collection":[{"href":"https:\/\/lionsclub-sannoisherblaylafrette.fr\/index.php?rest_route=\/wp\/v2\/pages"}],"about":[{"href":"https:\/\/lionsclub-sannoisherblaylafrette.fr\/index.php?rest_route=\/wp\/v2\/types\/page"}],"author":[{"embeddable":true,"href":"https:\/\/lionsclub-sannoisherblaylafrette.fr\/index.php?rest_route=\/wp\/v2\/users\/2"}],"replies":[{"embeddable":true,"href":"https:\/\/lionsclub-sannoisherblaylafrette.fr\/index.php?rest_route=%2Fwp%2Fv2%2Fcomments&post=16"}],"version-history":[{"count":52,"href":"https:\/\/lionsclub-sannoisherblaylafrette.fr\/index.php?rest_route=\/wp\/v2\/pages\/16\/revisions"}],"predecessor-version":[{"id":967,"href":"https:\/\/lionsclub-sannoisherblaylafrette.fr\/index.php?rest_route=\/wp\/v2\/pages\/16\/revisions\/967"}],"wp:featuredmedia":[{"embeddable":true,"href":"https:\/\/lionsclub-sannoisherblaylafrette.fr\/index.php?rest_route=\/wp\/v2\/media\/875"}],"wp:attachment":[{"href":"https:\/\/lionsclub-sannoisherblaylafrette.fr\/index.php?rest_route=%2Fwp%2Fv2%2Fmedia&parent=16"}],"curies":[{"name":"wp","href":"https:\/\/api.w.org\/{rel}","templated":true}]}}